{"id":298,"date":"2021-01-03T11:38:33","date_gmt":"2021-01-03T11:38:33","guid":{"rendered":"http:\/\/127.0.0.1\/elementor\/?page_id=298"},"modified":"2022-01-03T21:47:18","modified_gmt":"2022-01-03T20:47:18","slug":"about","status":"publish","type":"page","link":"https:\/\/scan.pl\/index.php\/about\/","title":{"rendered":"O nas"},"content":{"rendered":"\t\t<div data-elementor-type=\"wp-page\" data-elementor-id=\"298\" class=\"elementor elementor-298\" data-elementor-post-type=\"page\">\n\t\t\t\t\t\t<section data-particle_enable=\"false\" data-particle-mobile-disabled=\"false\" class=\"elementor-section elementor-top-section elementor-element elementor-element-7992625 elementor-section-stretched about text-center pt-90 elementor-section-full_width elementor-section-height-default elementor-section-height-default\" data-id=\"7992625\" data-element_type=\"section\" data-e-type=\"section\" data-settings=\"{&quot;stretch_section&quot;:&quot;section-stretched&quot;}\">\n\t\t\t\t\t\t\t<div class=\"elementor-background-overlay\"><\/div>\n\t\t\t\t\t\t\t<div class=\"elementor-container elementor-column-gap-no\">\n\t\t\t\t\t<div class=\"elementor-column elementor-col-100 elementor-top-column elementor-element elementor-element-2f0034b\" data-id=\"2f0034b\" data-element_type=\"column\" data-e-type=\"column\" data-settings=\"{&quot;background_background&quot;:&quot;classic&quot;}\">\n\t\t\t<div class=\"elementor-widget-wrap elementor-element-populated\">\n\t\t\t\t\t\t<div class=\"elementor-element elementor-element-dbdf8ea elementor-widget elementor-widget-keira-about\" data-id=\"dbdf8ea\" data-element_type=\"widget\" data-e-type=\"widget\" data-widget_type=\"keira-about.default\">\n\t\t\t\t<div class=\"elementor-widget-container\">\n\t\t\t\t\t\r\n\t\t<div class=\"container\">\r\n\t\t\t<div class=\"about-blok\">\r\n\t\t\t\t<div class=\"row\">\r\n\t\t\t\t\t<div class=\"aboutinfo\">\r\n\t\t\t\t\t\t<div class=\"col-md-12 col-lg-6\">\r\n\t\t\t\t\t\t\t<div class=\"about-img\">\r\n\t\t\t\t\t\t\t\t<img decoding=\"async\" src=\"http:\/\/scan.pl\/wp-content\/uploads\/2022\/01\/bossxl.png\" alt=\"img\">\t\t\t\t\t\t\t<\/div>\r\n\t\t\t\t\t\t<\/div>\r\n\t\t\t\t\t\t<div class=\"col-md-12 col-lg-6\">\r\n\t\t\t\t\t\t\t<div class=\"about-descr text-left\">\r\n\t\t\t\t\t\t\t\t<h3 class=\"title\">Witam<\/h3>\r\n\t\t\t\t\t\t\t\t<p class=\"separator\">raz jeszcze, dla przypomnienia jestem informatykiem z wykszta\u0142cenia, absolwentem Instytutu Informatyki Politechniki Szczeci\u0144skiej. Specjalno\u015b\u0107 w kt\u00f3rej zdoby\u0142em dyplom to SYSTEMY KOMPUTEROWE. W 1994 roku stworzy\u0142em firm\u0119 SCAN SYSTEMS, kt\u00f3ra rozpocz\u0119\u0142a dzia\u0142alno\u015b\u0107 od stycznia 1995 roku. SCAN SYSTEMS dzia\u0142a w bran\u017cy informatycznej oraz fiskalnej. Przygotowanie zawodowe, odbyte szkolenia, kursy, 27 lat pracy w bran\u017cy pozwoli\u0142o mi zgromadzi\u0107 ogromn\u0105 wiedz\u0119 i do\u015bwiadczenie. <br> <p style=\"text-align: right\"> Maciej Grobys - Specjalista IT<\/p><\/p>\r\n\t\t\t\t\t\t\t\t<ul class=\"skills-bar-container list-unstyled\">\r\n\t\t\t\t\t\t\t\t    \t\t\t\t\t\t\t\t\t<li>\r\n\t\t\t\t\t\t\t\t\t\t<div class=\"progressbar-title\">\r\n\t\t\t\t\t\t\t\t\t\t\t<h3>Do\u015bwiadczenie<\/h3>\r\n\t\t\t\t\t\t\t\t\t\t\t<span class=\"percent\">100%<\/span>\r\n\t\t\t\t\t\t\t\t\t\t<\/div>\r\n\t\t\t\t\t\t\t\t\t\t<div class=\"bar-container\">\r\n\t\t\t\t\t\t\t\t\t\t\t<span class=\"progressbar progressred\" data-value=\"100\"><\/span>\r\n\t\t\t\t\t\t\t\t\t\t<\/div>\r\n\t\t\t\t\t\t\t\t\t<\/li>\r\n\t\t\t\t\t\t\t\t\t\t\t\t\t\t\t\t\t\t<li>\r\n\t\t\t\t\t\t\t\t\t\t<div class=\"progressbar-title\">\r\n\t\t\t\t\t\t\t\t\t\t\t<h3>Reakcja<\/h3>\r\n\t\t\t\t\t\t\t\t\t\t\t<span class=\"percent\">100%<\/span>\r\n\t\t\t\t\t\t\t\t\t\t<\/div>\r\n\t\t\t\t\t\t\t\t\t\t<div class=\"bar-container\">\r\n\t\t\t\t\t\t\t\t\t\t\t<span class=\"progressbar progressred\" data-value=\"100\"><\/span>\r\n\t\t\t\t\t\t\t\t\t\t<\/div>\r\n\t\t\t\t\t\t\t\t\t<\/li>\r\n\t\t\t\t\t\t\t\t\t\t\t\t\t\t\t\t\t\t<li>\r\n\t\t\t\t\t\t\t\t\t\t<div class=\"progressbar-title\">\r\n\t\t\t\t\t\t\t\t\t\t\t<h3>Fachowo\u015b\u0107<\/h3>\r\n\t\t\t\t\t\t\t\t\t\t\t<span class=\"percent\">100%<\/span>\r\n\t\t\t\t\t\t\t\t\t\t<\/div>\r\n\t\t\t\t\t\t\t\t\t\t<div class=\"bar-container\">\r\n\t\t\t\t\t\t\t\t\t\t\t<span class=\"progressbar progressred\" data-value=\"100\"><\/span>\r\n\t\t\t\t\t\t\t\t\t\t<\/div>\r\n\t\t\t\t\t\t\t\t\t<\/li>\r\n\t\t\t\t\t\t\t\t\t\t\t\t\t\t\t\t\t\t<li>\r\n\t\t\t\t\t\t\t\t\t\t<div class=\"progressbar-title\">\r\n\t\t\t\t\t\t\t\t\t\t\t<h3>Elastyczno\u015b\u0107<\/h3>\r\n\t\t\t\t\t\t\t\t\t\t\t<span class=\"percent\">100%<\/span>\r\n\t\t\t\t\t\t\t\t\t\t<\/div>\r\n\t\t\t\t\t\t\t\t\t\t<div class=\"bar-container\">\r\n\t\t\t\t\t\t\t\t\t\t\t<span class=\"progressbar progressred\" data-value=\"100\"><\/span>\r\n\t\t\t\t\t\t\t\t\t\t<\/div>\r\n\t\t\t\t\t\t\t\t\t<\/li>\r\n\t\t\t\t\t\t\t\t\t\t\t\t\t\t\t\t\t\t<li>\r\n\t\t\t\t\t\t\t\t\t\t<div class=\"progressbar-title\">\r\n\t\t\t\t\t\t\t\t\t\t\t<h3>Gwarancja<\/h3>\r\n\t\t\t\t\t\t\t\t\t\t\t<span class=\"percent\">100%<\/span>\r\n\t\t\t\t\t\t\t\t\t\t<\/div>\r\n\t\t\t\t\t\t\t\t\t\t<div class=\"bar-container\">\r\n\t\t\t\t\t\t\t\t\t\t\t<span class=\"progressbar progressred\" data-value=\"100\"><\/span>\r\n\t\t\t\t\t\t\t\t\t\t<\/div>\r\n\t\t\t\t\t\t\t\t\t<\/li>\r\n\t\t\t\t\t\t\t\t\t\t\t\t\t\t\t\t\t<\/ul>\r\n\t\t\t\t\t\t\t\t<a href=\"http:\/\/scan.pl\/index.php\/services\/\" class=\"btn draw\">Poznaj nasz\u0105 ofert\u0119 <i class=\"fa fa-angle-right\"><\/i> <\/a>\r\n\t\t\t\t\t\t\t<\/div>\r\n\t\t\t\t\t\t<\/div>\r\n\t\t\t\t\t<\/div>\r\n\t\t\t\t<\/div>\r\n\t\t\t<\/div>\r\n\t\t<\/div>\r\n\r\n\t\t<script>\r\n\t\t\t(function($) {\r\n\t\t\t\tvar multiply = 2;\r\n\t\t\t\tfunction skillsProgress() {\r\n\t\t\t\t\t$(\".bar-container\").each(function () {\r\n\t\t\t\t\t\tvar delay = 600,\r\n\t\t\t\t\t\tprogressBar = $(this).find(\".progressbar\");\r\n\t\t\t\t\t\tsetTimeout(function() {\r\n\t\t\t\t\t\t\tprogressBar.animate({\r\n\t\t\t\t\t\t\t\t'width': progressBar.attr(\"data-value\") + \"%\"\r\n\t\t\t\t\t\t\t}, 600);\r\n\t\t\t\t\t\t}, delay * multiply);\r\n\r\n\t\t\t\t\t\tmultiply++;\r\n\t\t\t\t\t});\r\n\t\t\t\t}\r\n\r\n\t\t\t\tskillsProgress();\r\n\r\n\t\t\t})(jQuery);\r\n\t\t<\/script>\r\n\r\n        \t\t\t\t<\/div>\n\t\t\t\t<\/div>\n\t\t\t\t<div class=\"elementor-element elementor-element-05a79d3 elementor-widget elementor-widget-keira-main-title\" data-id=\"05a79d3\" data-element_type=\"widget\" data-e-type=\"widget\" data-widget_type=\"keira-main-title.default\">\n\t\t\t\t<div class=\"elementor-widget-container\">\n\t\t\t\t\t\r\n\t\t<div class=\"container\">\r\n            <div class=\"section-title\">\r\n                <h2>Scan systems w liczbach<\/h2>\r\n            <\/div>\r\n        <\/div>\r\n\r\n        \t\t\t\t<\/div>\n\t\t\t\t<\/div>\n\t\t\t\t\t<\/div>\n\t\t<\/div>\n\t\t\t\t\t<\/div>\n\t\t<\/section>\n\t\t\t\t<section data-particle_enable=\"false\" data-particle-mobile-disabled=\"false\" class=\"elementor-section elementor-top-section elementor-element elementor-element-460acf4 elementor-section-stretched counter text-center pt-90 elementor-section-full_width elementor-section-height-default elementor-section-height-default\" data-id=\"460acf4\" data-element_type=\"section\" data-e-type=\"section\" data-settings=\"{&quot;stretch_section&quot;:&quot;section-stretched&quot;}\">\n\t\t\t\t\t\t<div class=\"elementor-container elementor-column-gap-no\">\n\t\t\t\t\t<div class=\"elementor-column elementor-col-100 elementor-top-column elementor-element elementor-element-724a1c0\" data-id=\"724a1c0\" data-element_type=\"column\" data-e-type=\"column\">\n\t\t\t<div class=\"elementor-widget-wrap elementor-element-populated\">\n\t\t\t\t\t\t<div class=\"elementor-element elementor-element-c095990 elementor-widget elementor-widget-keira-fact\" data-id=\"c095990\" data-element_type=\"widget\" data-e-type=\"widget\" data-widget_type=\"keira-fact.default\">\n\t\t\t\t<div class=\"elementor-widget-container\">\n\t\t\t\t\t\r\n\t\t<div class=\"container\">\r\n\t\t\t<div class=\"fullcounter\" id=\"counter\">\r\n\t\t\t\t<div class=\"row\">\r\n\t\t\t        \t\t\t\t\t<div class=\"col-md-12 col-lg-4 brd brdnone\">\r\n\t\t\t\t\t\t<div class=\"itemcounter r-mb-30\">\r\n\t\t\t\t\t\t\t<h3><span class=\"counter-value\" data-count=\"2000\">0<\/span><sup>+<\/sup><\/h3>\r\n\t\t\t\t\t\t\t<h4 class=\"maintitle\">Zadowolonych Klient\u00f3w<\/h4>\r\n\t\t\t\t\t\t<\/div>\r\n\t\t\t\t\t<\/div>\r\n\t\t\t\t\t\t\t\t\t\t<div class=\"col-md-12 col-lg-4 brd brdnone\">\r\n\t\t\t\t\t\t<div class=\"itemcounter r-mb-30\">\r\n\t\t\t\t\t\t\t<h3><span class=\"counter-value\" data-count=\"600\">0<\/span><sup>+<\/sup><\/h3>\r\n\t\t\t\t\t\t\t<h4 class=\"maintitle\">Zrealizowanych Projekt\u00f3w<\/h4>\r\n\t\t\t\t\t\t<\/div>\r\n\t\t\t\t\t<\/div>\r\n\t\t\t\t\t\t\t\t\t\t<div class=\"col-md-12 col-lg-4 brd brdnone\">\r\n\t\t\t\t\t\t<div class=\"itemcounter r-mb-30\">\r\n\t\t\t\t\t\t\t<h3><span class=\"counter-value\" data-count=\"50000\">0<\/span><sup>+<\/sup><\/h3>\r\n\t\t\t\t\t\t\t<h4 class=\"maintitle\">Po\u0142\u0105cze\u0144 Sieciowych<\/h4>\r\n\t\t\t\t\t\t<\/div>\r\n\t\t\t\t\t<\/div>\r\n\t\t\t\t\t\t\t\t\t<\/div>\r\n\t\t\t<\/div>\r\n\t\t<\/div>\r\n\r\n\t\t<script>\r\n\t\t\t(function($) {\r\n\t\t\t\t'use strict';\r\n\r\n    \/\/ ========================================================================= \/\/\r\n    \/\/      [ Counter ]\r\n    \/\/ ========================================================================= \/\/\r\n\r\n\r\n    var a = 0;\r\n    $(window).on('scroll', function() {\r\n\r\n        var oTop = $('.counter').offset().top - window.innerHeight;\r\n        if (a == 0 && $(window).scrollTop() > oTop) {\r\n            $('.counter-value').each(function() {\r\n                var $this = $(this),\r\n                    countTo = $this.attr('data-count');\r\n                $({\r\n                    countNum: $this.text()\r\n                }).animate({\r\n                        countNum: countTo\r\n                    },\r\n\r\n                    {\r\n                        duration: 7000,\r\n                        easing: 'swing',\r\n                        step: function() {\r\n                            $this.text(Math.floor(this.countNum));\r\n                        },\r\n                        complete: function() {\r\n                            $this.text(this.countNum);\r\n                        }\r\n\r\n                    });\r\n            });\r\n            a = 1;\r\n        }\r\n\r\n    });\r\n\r\n\r\n\t\t\t})(jQuery);\r\n\t\t<\/script>\r\n\r\n        \t\t\t\t<\/div>\n\t\t\t\t<\/div>\n\t\t\t\t\t<\/div>\n\t\t<\/div>\n\t\t\t\t\t<\/div>\n\t\t<\/section>\n\t\t\t\t<section data-particle_enable=\"false\" data-particle-mobile-disabled=\"false\" class=\"elementor-section elementor-top-section elementor-element elementor-element-d84ba32 elementor-section-stretched resume text-center pt-60 elementor-section-full_width elementor-section-height-default elementor-section-height-default\" data-id=\"d84ba32\" data-element_type=\"section\" data-e-type=\"section\" data-settings=\"{&quot;stretch_section&quot;:&quot;section-stretched&quot;}\">\n\t\t\t\t\t\t<div class=\"elementor-container elementor-column-gap-no\">\n\t\t\t\t\t<div class=\"elementor-column elementor-col-100 elementor-top-column elementor-element elementor-element-6457d4d\" data-id=\"6457d4d\" data-element_type=\"column\" data-e-type=\"column\">\n\t\t\t<div class=\"elementor-widget-wrap elementor-element-populated\">\n\t\t\t\t\t\t<div class=\"elementor-element elementor-element-74c61a3 elementor-widget elementor-widget-keira-main-title\" data-id=\"74c61a3\" data-element_type=\"widget\" data-e-type=\"widget\" data-widget_type=\"keira-main-title.default\">\n\t\t\t\t<div class=\"elementor-widget-container\">\n\t\t\t\t\t\r\n\t\t<div class=\"container\">\r\n            <div class=\"section-title\">\r\n                <h2>Zaplecze<\/h2>\r\n            <\/div>\r\n        <\/div>\r\n\r\n        \t\t\t\t<\/div>\n\t\t\t\t<\/div>\n\t\t\t\t<div class=\"elementor-element elementor-element-62e8cab elementor-widget elementor-widget-keira-resume\" data-id=\"62e8cab\" data-element_type=\"widget\" data-e-type=\"widget\" data-widget_type=\"keira-resume.default\">\n\t\t\t\t<div class=\"elementor-widget-container\">\n\t\t\t\t\t       \r\n\t   <div class=\"container \">\r\n\t\t\t<div class=\"row \">\r\n\t\t\t\t<div class=\"col-md-12 col-lg-4 resume-item\">\r\n\t\t\t\t\t<div class=\"resume-info selected text-left r-mb-30\">\r\n\t\t\t\t\t\t<h4 class=\"maintitle\">Do\u015bwiadczenie<\/h4>\r\n\t\t\t\t\t\t<p class=\"separator\">Wspomniane 27 lat pracy to realizacja ogromu du\u017cych i ma\u0142ych projekt\u00f3w, ka\u017cdy z nich  to  nieocenionea praktyka.<\/p>\r\n\t\t\t\t\t\t<div class=\"res-line\"><\/div>\r\n\t\t\t\t\t\t<ul class=\"res-list\">\r\n\t\t\t\t\t\t    \t\t\t\t\t\t\t<li>\r\n\t\t\t\t\t\t\tPracownie Komputerowe \t\t\t\t\t\t\t\t<p class=\"separator \">Projekty Unijne - realizacja 2013\t\t\t\t\t\t\t\t<\/p>\r\n\t\t\t\t\t\t\t<\/li>\r\n\t\t\t\t\t\t\t\t\t\t\t\t\t\t<li>\r\n\t\t\t\t\t\t\tUrz\u0105dzenia Fiskalne\t\t\t\t\t\t\t\t<p class=\"separator \">ponad 2000 wdro\u017ce\u0144\t\t\t\t\t\t\t\t<\/p>\r\n\t\t\t\t\t\t\t<\/li>\r\n\t\t\t\t\t\t\t\t\t\t\t\t\t<\/ul>\r\n\t\t\t\t\t<\/div>\r\n\t\t\t\t<\/div>\r\n\t\t\t\t<div class=\"col-md-12 col-lg-4 resume-item\">\r\n\t\t\t\t\t<div class=\"resume-info text-left r-mb-30\">\r\n\t\t\t\t\t\t<h4 class=\"maintitle\">Umiej\u0119tno\u015bci<\/h4>\r\n\t\t\t\t\t\t<p class=\"separator\">Przygotowanie zawodowe, cykliczne szkolenia, praca wynikaj\u0105ca z pasji gwarantuj\u0105 ponadprzeci\u0119tne umiej\u0119tno\u015bci<\/p>\r\n\t\t\t\t\t\t<div class=\"res-line\"><\/div>\r\n\t\t\t\t\t\t<ul class=\"res-list\">\r\n\t\t\t\t\t\t    \t\t\t\t\t\t\t<li>\r\n\t\t\t\t\t\t\tPolitechnika Szczeci\u0144ska\t\t\t\t\t\t\t\t<p class=\"separator\">Informatyka Systemy Komputerowe<\/p>\r\n\t\t\t\t\t\t\t<\/li>\r\n\t\t\t\t\t\t\t\t\t\t\t\t\t\t<li>\r\n\t\t\t\t\t\t\tAkademia Sieci Cisco\t\t\t\t\t\t\t\t<p class=\"separator\">Cisco Certified Network Associate<\/p>\r\n\t\t\t\t\t\t\t<\/li>\r\n\t\t\t\t\t\t\t\t\t\t\t\t\t<\/ul>\r\n\t\t\t\t\t<\/div>\r\n\t\t\t\t<\/div>\r\n\t\t\t\t<div class=\"col-md-12 col-lg-4 resume-item\">\r\n\t\t\t\t\t<div class=\"resume-info text-left\">\r\n\t\t\t\t\t\t<h4 class=\"maintitle\">Narz\u0119dzia<\/h4>\r\n\t\t\t\t\t\t<p class=\"separator\">Do pracy wykorzystujemy licencjonowane oprogramowanie u\u0142atwiaj\u0105ce nam obs\u0142ug\u0119 klienta.<\/p>\r\n\t\t\t\t\t\t<div class=\"res-line\"><\/div>\r\n\t\t\t\t\t\t<ul class=\"res-list\">\r\n\t\t\t\t\t\t    \t\t\t\t\t\t\t<li>\r\n\t\t\t\t\t\t\tTeam Viewer\t\t\t\t\t\t\t\t<p class=\"separator\">Oprogramowanie do zdalnego dost\u0119pu<\/p>\r\n\t\t\t\t\t\t\t<\/li>\r\n\t\t\t\t\t\t\t\t\t\t\t\t\t\t<li>\r\n\t\t\t\t\t\t\tSerwisant\t\t\t\t\t\t\t\t<p class=\"separator\">Oprogramowanie monitoruj\u0105ce serwis <\/p>\r\n\t\t\t\t\t\t\t<\/li>\r\n\t\t\t\t\t\t\t\t\t\t\t\t\t<\/ul>\r\n\t\t\t\t\t<\/div>\r\n\t\t\t\t<\/div>\r\n\t\t\t<\/div>\r\n\t\t<\/div>\r\n\r\n        \t\t\t\t<\/div>\n\t\t\t\t<\/div>\n\t\t\t\t\t<\/div>\n\t\t<\/div>\n\t\t\t\t\t<\/div>\n\t\t<\/section>\n\t\t\t\t<\/div>\n\t\t","protected":false},"excerpt":{"rendered":"<p>Witam raz jeszcze, dla przypomnienia jestem informatykiem z wykszta\u0142cenia, absolwentem Instytutu Informatyki Politechniki Szczeci\u0144skiej. Specjalno\u015b\u0107 &#8230;<\/p>\n","protected":false},"author":1,"featured_media":0,"parent":0,"menu_order":0,"comment_status":"closed","ping_status":"closed","template":"","meta":{"footnotes":""},"class_list":["post-298","page","type-page","status-publish","hentry"],"_links":{"self":[{"href":"https:\/\/scan.pl\/index.php\/wp-json\/wp\/v2\/pages\/298","targetHints":{"allow":["GET"]}}],"collection":[{"href":"https:\/\/scan.pl\/index.php\/wp-json\/wp\/v2\/pages"}],"about":[{"href":"https:\/\/scan.pl\/index.php\/wp-json\/wp\/v2\/types\/page"}],"author":[{"embeddable":true,"href":"https:\/\/scan.pl\/index.php\/wp-json\/wp\/v2\/users\/1"}],"replies":[{"embeddable":true,"href":"https:\/\/scan.pl\/index.php\/wp-json\/wp\/v2\/comments?post=298"}],"version-history":[{"count":48,"href":"https:\/\/scan.pl\/index.php\/wp-json\/wp\/v2\/pages\/298\/revisions"}],"predecessor-version":[{"id":1330,"href":"https:\/\/scan.pl\/index.php\/wp-json\/wp\/v2\/pages\/298\/revisions\/1330"}],"wp:attachment":[{"href":"https:\/\/scan.pl\/index.php\/wp-json\/wp\/v2\/media?parent=298"}],"curies":[{"name":"wp","href":"https:\/\/api.w.org\/{rel}","templated":true}]}}